{"id":4854,"date":"2017-11-30T16:17:05","date_gmt":"2017-11-30T15:17:05","guid":{"rendered":"https:\/\/www.hotellacaravelle-stjeandeluz.com\/?page_id=4854"},"modified":"2025-01-29T15:44:58","modified_gmt":"2025-01-29T14:44:58","slug":"habitaciones","status":"publish","type":"page","link":"https:\/\/www.hotellacaravelle-stjeandeluz.com\/es\/habitaciones\/","title":{"rendered":"Habitaciones"},"content":{"rendered":"<div class=\"wpb-content-wrapper\"><p>[vc_row margin_top=\u00bb-50&#8243; margin_bottom=\u00bb12&#8243; type=\u00bb1&#8243; bg_color=\u00bb#f1f1f1&#8243; bg_cover=\u00bbtrue\u00bb padding_top=\u00bb10&#8243; padding_bottom=\u00bb10&#8243; el_class=\u00bbnovaresaSearchForm\u00bb][vc_column width=\u00bb1\/3&#8243;][vc_column_text]<\/p>\n<div class=\"book-title\">Reserve su estancia<\/div>\n<p>[\/vc_column_text][\/vc_column][vc_column width=\u00bb2\/3&#8243;][vc_column_text]<div class=\"wp_novaresa\" id=\"wp_novaresa_shortcode\" >\r\n        <form id=\"wp_novaresa_searchform\" method=\"get\" action=\"https:\/\/www.hotellacaravelle-stjeandeluz.com\/es\/tarifas-reserva\/\" role=\"form\" class=\"form-inline\">\r\n\t\t\t\t\t<div class=\"row\">\r\n\t\t\t\t<div class='form-group col-md-3 col-xs-6'>\r\n\t\t\t\t\t<label class=\"sr-only\" for=\"wp_novaresa_shortcode_date_from\">Llegada<\/label>\r\n\t\t\t\t\t<input type=\"text\" class=\"form-control input-sm\" id=\"wp_novaresa_shortcode_date_from\" name=\"date_from\" value=\"\" autocomplete=\"off\" placeholder=\"Llegada\" >\r\n\t\t\t\t<\/div>\r\n\t\t\t\t<div class='form-group col-md-3 col-xs-6'>\r\n\t\t\t\t\t<label class=\"sr-only\" for=\"wp_novaresa_shortcode_date_to\">Salida<\/label>\r\n\t\t\t\t\t<input type=\"text\" class=\"form-control input-sm\" id=\"wp_novaresa_shortcode_date_to\" name=\"date_to\" value=\"\" autocomplete=\"off\" placeholder=\"Salida\" >\r\n\t\t\t\t<\/div>\r\n\t\t\t\t\t\t\t\t<div class=\"form-group col-md-2 col-xs-6 hidden-xs hidden-sm\">\r\n\t\t\t\t\t<label class=\"sr-only\" for=\"wp_novaresa_widget_nb_pers\">Nb pers<\/label>\r\n\t\t\t\t\t<input type=\"text\" class=\"form-control input-sm\" id=\"wp_novaresa_widget_nb_pers\" name=\"nb_pers\" value=\"\" placeholder=\"Nb pers\" >\r\n\t\t\t\t<\/div>\r\n\t\t\t\t\t\t\t\t<div class=\"col-md-4 col-xs-12\">\r\n\t\t\t\t\t<button type=\"submit\" class=\"btn btn-sm\" name=\"wp_novaresa_search\" value=\"1\">Reservar<\/button>\r\n\t\t\t\t<\/div>\r\n\t\t\t<\/div>\t\t\r\n\t\t\t\t\r\n\r\n\t\t\r\n\t<\/form>\r\n    \r\n<\/div>[\/vc_column_text][\/vc_column][\/vc_row][vc_row margin_bottom=\u00bb30&#8243;][vc_column][vc_raw_html el_class=\u00bbbreadcrumbs-container\u00bb]JTNDc3BhbiUyMHhtbG5zJTNBdiUzRCUyMmh0dHAlM0ElMkYlMkZyZGYuZGF0YS12b2NhYnVsYXJ5Lm9yZyUyRiUyMyUyMiUzRSUwQSUwOSUzQ3NwYW4lMjB0eXBlb2YlM0QlMjJ2JTNBQnJlYWRjcnVtYiUyMiUzRSUwQSUwOSUwOSUzQ2ElMjBocmVmJTNEJTIyJTJGJTIyJTIwcmVsJTNEJTIydiUzQXVybCUyMiUyMHByb3BlcnR5JTNEJTIydiUzQXRpdGxlJTIyJTNFSG90ZWwlMjBTYWludCUyMEplYW4lMjBkZSUyMEx1eiUzQyUyRmElM0UlMjAlQzIlQkIlMjAlMEElMDklMDklM0NzcGFuJTIwY2xhc3MlM0QlMjJicmVhZGNydW1iX2xhc3QlMjIlM0VDaGFtYnJlcyUzQyUyRnNwYW4lM0UlMEElMDklM0MlMkZzcGFuJTNFJTBBJTNDJTJGc3BhbiUzRQ==[\/vc_raw_html][\/vc_column][\/vc_row][vc_row][vc_column][vc_column_text]<\/p>\n<h1 class=\"white-h1\">Habitaciones hotel Saint Jean de Luz<\/h1>\n<p>[\/vc_column_text][\/vc_column][\/vc_row][vc_row margin_bottom=\u00bb20&#8243; full_width=\u00bbtrue\u00bb][vc_column width=\u00bb2\/3&#8243;][vc_media_grid style=\u00bbpagination\u00bb items_per_page=\u00bb1&#8243; element_width=\u00bb12&#8243; gap=\u00bb0&#8243; arrows_design=\u00bbvc_arrow-icon-arrow_09_left\u00bb arrows_color=\u00bbwhite\u00bb paging_design=\u00bbnone\u00bb loop=\u00bbyes\u00bb item=\u00bb4469&#8243; grid_id=\u00bbvc_gid:1738161419051-25a891ce-7cff-10&#8243; include=\u00bb5207,5208,5209,5210,5211,5206&#8243; css=\u00bb.vc_custom_1645609510818{margin-right: -22px !important;margin-left: -22px !important;padding-right: 0px !important;padding-left: 0px !important;}\u00bb][\/vc_column][vc_column width=\u00bb1\/3&#8243; el_class=\u00bbroom_details\u00bb css=\u00bb.vc_custom_1476798656642{margin-left: 0px !important;padding-left: 0px !important;}\u00bb][vc_column_text]<\/p>\n<h2>Habitaciones junto al mar<\/h2>\n<p>Nuestras siete habitaciones con vistas al mar est\u00e1n situadas en primera l\u00ednea de mar frente a la bah\u00eda de San Juan de Luz, el faro del puerto, la gran playa y Pointe Ste Barbe en 2 plantas. Se dividen en 2 categor\u00edas:<\/p>\n<ul>\n<li><strong>Superior Vista Mar:<\/strong>\n<ul>\n<li>Cama doble grande 180 o 160<\/li>\n<li>Ropa de cama francesa de alta gama de Maison Thiriez<\/li>\n<li>Entre 18m\u00b2 y 24m\u00b2<\/li>\n<li>TV de pantalla plana y WiFi gratuito e ilimitado<\/li>\n<li>Cuarto de ba\u00f1o reformado con ducha o ba\u00f1era, secador de pelo y WC.<\/li>\n<\/ul>\n<\/li>\n<li><strong>Vista al mar cl\u00e1sica:<\/strong>\n<ul>\n<li>Cama doble 140<\/li>\n<li>Ropa de cama francesa de alta gama de Maison Thiriez<\/li>\n<li>Entre 13m\u00b2 y 16m\u00b2<\/li>\n<li>TV de pantalla plana y WiFi gratuito e ilimitado<\/li>\n<li>Cuarto de ba\u00f1o reformado con ducha, secador de pelo y WC.<\/li>\n<\/ul>\n<\/li>\n<\/ul>\n<p>[\/vc_column_text][vc_empty_space height=\u00bb20px\u00bb][vc_btn title=\u00bbReserva\u00bb style=\u00bbcustom\u00bb custom_background=\u00bb#46403c\u00bb custom_text=\u00bb#ffffff\u00bb shape=\u00bbsquare\u00bb align=\u00bbleft\u00bb link=\u00bburl:%2Fes%2Ftarifas-reserva%2F\u00bb][\/vc_column][\/vc_row][vc_row margin_bottom=\u00bb20&#8243; full_width=\u00bbtrue\u00bb][vc_column width=\u00bb1\/3&#8243; el_class=\u00bbroom_details\u00bb][vc_column_text]<\/p>\n<h2>Habitaciones del lado de la ciudad<\/h2>\n<p>En el Hotel Saint Jean de Luz La Caravelle, cada habitaci\u00f3n es \u00fanica y est\u00e1 decorada con especial atenci\u00f3n. A trav\u00e9s de una gran escalera de madera de \u00e9poca acceder\u00e1 a una de nuestras dos plantas de habitaciones. Las hemos dividido en 2 categor\u00edas (seg\u00fan el tama\u00f1o de las habitaciones y la comodidad del ba\u00f1o) pero, excepto nuestra habitaci\u00f3n que da al patio, todas dan a una peque\u00f1a y tranquila calle que sube a la colina de Bordagain.<\/p>\n<ul>\n<li>Habitaci\u00f3n Superior Lado Ciudad (o Patio)\n<ul>\n<li>Una cama de matrimonio de 160<\/li>\n<li>Ropa de cama francesa de alta gama de Maison Thiriez<\/li>\n<li>Superficie entre 14 y 17m\u00b2<\/li>\n<li>TV de pantalla plana, WiFi gratuito e ilimitado<\/li>\n<li>Cuarto de ba\u00f1o con ducha o ba\u00f1era, secador de pelo, WC.<\/li>\n<\/ul>\n<\/li>\n<li>Habitaci\u00f3n est\u00e1ndar junto a la ciudad\n<ul>\n<li>Una cama de matrimonio de 140<\/li>\n<li>Ropa de cama francesa de alta gama de Maison Thiriez<\/li>\n<li>Superficie aproximada de 10m\u00b2<\/li>\n<li>TV de pantalla plana, WiFi gratuito e ilimitado<\/li>\n<li>Cabina de ducha, secador de pelo, WC.<\/li>\n<\/ul>\n<\/li>\n<\/ul>\n<p>[\/vc_column_text][vc_empty_space height=\u00bb20px\u00bb][vc_btn title=\u00bbReserva\u00bb style=\u00bbcustom\u00bb custom_background=\u00bb#46403c\u00bb custom_text=\u00bb#ffffff\u00bb shape=\u00bbsquare\u00bb align=\u00bbleft\u00bb link=\u00bburl:%2Fes%2Ftarifas-reserva%2F\u00bb][\/vc_column][vc_column width=\u00bb2\/3&#8243;][vc_media_grid style=\u00bbpagination\u00bb items_per_page=\u00bb1&#8243; element_width=\u00bb12&#8243; gap=\u00bb0&#8243; arrows_design=\u00bbvc_arrow-icon-arrow_09_left\u00bb arrows_color=\u00bbwhite\u00bb paging_design=\u00bbnone\u00bb loop=\u00bbyes\u00bb item=\u00bb4469&#8243; grid_id=\u00bbvc_gid:1738161419052-de2d4e9e-24b2-9&#8243; include=\u00bb5205,5203,5204,5202,5201,5199&#8243; css=\u00bb.vc_custom_1645609537319{margin-right: -22px !important;margin-left: -22px !important;}\u00bb][\/vc_column][\/vc_row][vc_row margin_bottom=\u00bb20&#8243; full_width=\u00bbtrue\u00bb][vc_column width=\u00bb2\/3&#8243;][vc_media_grid style=\u00bbpagination\u00bb items_per_page=\u00bb1&#8243; element_width=\u00bb12&#8243; gap=\u00bb0&#8243; arrows_design=\u00bbvc_arrow-icon-arrow_09_left\u00bb arrows_color=\u00bbwhite\u00bb paging_design=\u00bbnone\u00bb loop=\u00bbyes\u00bb item=\u00bb4469&#8243; grid_id=\u00bbvc_gid:1738161419052-2cffce1f-4187-9&#8243; include=\u00bb5217,5216,5215,5214,5213,5212&#8243; css=\u00bb.vc_custom_1645609557522{margin-right: -22px !important;margin-left: -22px !important;padding-right: 0px !important;padding-left: 0px !important;}\u00bb][\/vc_column][vc_column width=\u00bb1\/3&#8243; el_class=\u00bbroom_details\u00bb][vc_column_text]<\/p>\n<h2>Habitaciones familiares<\/h2>\n<p>Con una superficie de entre 16 y 30 m\u00b2, las habitaciones familiares pueden alojar entre 3 y 5 personas en un ambiente confortable y acogedor. Combine convivencia y comodidad durante su estancia en el hotel y aproveche el encanto del barrio para alojarse en la Costa Vasca en un ambiente c\u00e1lido y familiar, a dos pasos del puerto de Ciboure y de San Juan de Luz. Uno de ellos tiene una terraza privada con vistas a los jardines del cerro Bordagain.<\/p>\n<ul>\n<li>2 (1 cama doble + 1 cama individual)<\/li>\n<li>o 3 camas (2 camas dobles + 1 cama individual)<\/li>\n<li>Ropa de cama francesa de alta gama de Maison Thiriez<\/li>\n<li>WiFi gratuito e ilimitado<\/li>\n<li>Televisi\u00f3n<\/li>\n<li>Tel\u00e9fono<\/li>\n<li>Cuarto de ba\u00f1o reformado con ducha o ba\u00f1era, secador de pelo y WC.<\/li>\n<\/ul>\n<p>[\/vc_column_text][vc_empty_space height=\u00bb20px\u00bb][vc_btn title=\u00bbReserva\u00bb style=\u00bbcustom\u00bb custom_background=\u00bb#46403c\u00bb custom_text=\u00bb#ffffff\u00bb shape=\u00bbsquare\u00bb align=\u00bbleft\u00bb link=\u00bburl:%2Fes%2Ftarifas-reserva%2F\u00bb][\/vc_column][\/vc_row]<\/p>\n<\/div>","protected":false},"excerpt":{"rendered":"<p>[vc_row margin_top=\u00bb-50&#8243; margin_bottom=\u00bb12&#8243; type=\u00bb1&#8243; bg_color=\u00bb#f1f1f1&#8243; bg_cover=\u00bbtrue\u00bb padding_top=\u00bb10&#8243; padding_bottom=\u00bb10&#8243; el_class=\u00bbnovaresaSearchForm\u00bb][vc_column width=\u00bb1\/3&#8243;][vc_column_text] Reserve su estancia [\/vc_column_text][\/vc_column][vc_column width=\u00bb2\/3&#8243;][vc_column_text][\/vc_column_text][\/vc_column][\/vc_row][vc_row margin_bottom=\u00bb30&#8243;][vc_column][vc_raw_html el_class=\u00bbbreadcrumbs-container\u00bb]JTNDc3BhbiUyMHhtbG5zJTNBdiUzRCUyMmh0dHAlM0ElMkYlMkZyZGYuZGF0YS12b2NhYnVsYXJ5Lm9yZyUyRiUyMyUyMiUzRSUwQSUwOSUzQ3NwYW4lMjB0eXBlb2YlM0QlMjJ2JTNBQnJlYWRjcnVtYiUyMiUzRSUwQSUwOSUwOSUzQ2ElMjBocmVmJTNEJTIyJTJGJTIyJTIwcmVsJTNEJTIydiUzQXVybCUyMiUyMHByb3BlcnR5JTNEJTIydiUzQXRpdGxlJTIyJTNFSG90ZWwlMjBTYWludCUyMEplYW4lMjBkZSUyMEx1eiUzQyUyRmElM0UlMjAlQzIlQkIlMjAlMEElMDklMDklM0NzcGFuJTIwY2xhc3MlM0QlMjJicmVhZGNydW1iX2xhc3QlMjIlM0VDaGFtYnJlcyUzQyUyRnNwYW4lM0UlMEElMDklM0MlMkZzcGFuJTNFJTBBJTNDJTJGc3BhbiUzRQ==[\/vc_raw_html][\/vc_column][\/vc_row][vc_row][vc_column][vc_column_text] Habitaciones hotel Saint Jean de Luz [\/vc_column_text][\/vc_column][\/vc_row][vc_row margin_bottom=\u00bb20&#8243; full_width=\u00bbtrue\u00bb][vc_column width=\u00bb2\/3&#8243;][vc_media_grid style=\u00bbpagination\u00bb items_per_page=\u00bb1&#8243; element_width=\u00bb12&#8243; gap=\u00bb0&#8243; arrows_design=\u00bbvc_arrow-icon-arrow_09_left\u00bb arrows_color=\u00bbwhite\u00bb paging_design=\u00bbnone\u00bb loop=\u00bbyes\u00bb item=\u00bb4469&#8243; grid_id=\u00bbvc_gid:1738161419051-25a891ce-7cff-10&#8243; include=\u00bb5207,5208,5209,5210,5211,5206&#8243; css=\u00bb.vc_custom_1645609510818{margin-right: -22px !important;margin-left: -22px !important;padding-right: 0px !important;padding-left: 0px !important;}\u00bb][\/vc_column][vc_column width=\u00bb1\/3&#8243; el_class=\u00bbroom_details\u00bb css=\u00bb.vc_custom_1476798656642{margin-left: 0px !important;padding-left: 0px !important;}\u00bb][vc_column_text] Habitaciones&hellip;<\/p>\n","protected":false},"author":1,"featured_media":0,"parent":0,"menu_order":0,"comment_status":"closed","ping_status":"closed","template":"","meta":{"footnotes":""},"class_list":["post-4854","page","type-page","status-publish","hentry","description-off"],"aioseo_notices":[],"_links":{"self":[{"href":"https:\/\/www.hotellacaravelle-stjeandeluz.com\/es\/wp-json\/wp\/v2\/pages\/4854","targetHints":{"allow":["GET"]}}],"collection":[{"href":"https:\/\/www.hotellacaravelle-stjeandeluz.com\/es\/wp-json\/wp\/v2\/pages"}],"about":[{"href":"https:\/\/www.hotellacaravelle-stjeandeluz.com\/es\/wp-json\/wp\/v2\/types\/page"}],"author":[{"embeddable":true,"href":"https:\/\/www.hotellacaravelle-stjeandeluz.com\/es\/wp-json\/wp\/v2\/users\/1"}],"replies":[{"embeddable":true,"href":"https:\/\/www.hotellacaravelle-stjeandeluz.com\/es\/wp-json\/wp\/v2\/comments?post=4854"}],"version-history":[{"count":4,"href":"https:\/\/www.hotellacaravelle-stjeandeluz.com\/es\/wp-json\/wp\/v2\/pages\/4854\/revisions"}],"predecessor-version":[{"id":5377,"href":"https:\/\/www.hotellacaravelle-stjeandeluz.com\/es\/wp-json\/wp\/v2\/pages\/4854\/revisions\/5377"}],"wp:attachment":[{"href":"https:\/\/www.hotellacaravelle-stjeandeluz.com\/es\/wp-json\/wp\/v2\/media?parent=4854"}],"curies":[{"name":"wp","href":"https:\/\/api.w.org\/{rel}","templated":true}]}}