{"id":4818,"date":"2016-08-08T09:20:09","date_gmt":"2016-08-08T07:20:09","guid":{"rendered":"https:\/\/www.hotellacaravelle-stjeandeluz.com\/nos-escales-a-themes\/"},"modified":"2025-11-07T11:46:10","modified_gmt":"2025-11-07T10:46:10","slug":"nuestras-escapadas-tematicas","status":"publish","type":"page","link":"https:\/\/www.hotellacaravelle-stjeandeluz.com\/es\/nuestras-escapadas-tematicas\/","title":{"rendered":"Escapadas tem\u00e1ticas"},"content":{"rendered":"<div class=\"wpb-content-wrapper\"><p>[vc_row margin_top=\u00bb-50&#8243; margin_bottom=\u00bb12&#8243; type=\u00bb1&#8243; bg_color=\u00bb#f1f1f1&#8243; bg_cover=\u00bbtrue\u00bb padding_top=\u00bb10&#8243; padding_bottom=\u00bb10&#8243; el_class=\u00bbnovaresaSearchForm\u00bb][vc_column width=\u00bb1\/3&#8243;][vc_column_text]<\/p>\n<div class=\"book-title\">Reserve su estancia<\/div>\n<p>[\/vc_column_text][\/vc_column][vc_column width=\u00bb2\/3&#8243;][vc_column_text]<div class=\"wp_novaresa\" id=\"wp_novaresa_shortcode\" >\r\n        <form id=\"wp_novaresa_searchform\" method=\"get\" action=\"https:\/\/www.hotellacaravelle-stjeandeluz.com\/es\/tarifas-reserva\/\" role=\"form\" class=\"form-inline\">\r\n\t\t\t\t\t<div class=\"row\">\r\n\t\t\t\t<div class='form-group col-md-3 col-xs-6'>\r\n\t\t\t\t\t<label class=\"sr-only\" for=\"wp_novaresa_shortcode_date_from\">Llegada<\/label>\r\n\t\t\t\t\t<input type=\"text\" class=\"form-control input-sm\" id=\"wp_novaresa_shortcode_date_from\" name=\"date_from\" value=\"\" autocomplete=\"off\" placeholder=\"Llegada\" >\r\n\t\t\t\t<\/div>\r\n\t\t\t\t<div class='form-group col-md-3 col-xs-6'>\r\n\t\t\t\t\t<label class=\"sr-only\" for=\"wp_novaresa_shortcode_date_to\">Salida<\/label>\r\n\t\t\t\t\t<input type=\"text\" class=\"form-control input-sm\" id=\"wp_novaresa_shortcode_date_to\" name=\"date_to\" value=\"\" autocomplete=\"off\" placeholder=\"Salida\" >\r\n\t\t\t\t<\/div>\r\n\t\t\t\t\t\t\t\t<div class=\"form-group col-md-2 col-xs-6 hidden-xs hidden-sm\">\r\n\t\t\t\t\t<label class=\"sr-only\" for=\"wp_novaresa_widget_nb_pers\">Nb pers<\/label>\r\n\t\t\t\t\t<input type=\"text\" class=\"form-control input-sm\" id=\"wp_novaresa_widget_nb_pers\" name=\"nb_pers\" value=\"\" placeholder=\"Nb pers\" >\r\n\t\t\t\t<\/div>\r\n\t\t\t\t\t\t\t\t<div class=\"col-md-4 col-xs-12\">\r\n\t\t\t\t\t<button type=\"submit\" class=\"btn btn-sm\" name=\"wp_novaresa_search\" value=\"1\">Reservar<\/button>\r\n\t\t\t\t<\/div>\r\n\t\t\t<\/div>\t\t\r\n\t\t\t\t\r\n\r\n\t\t\r\n\t<\/form>\r\n    \r\n<\/div>[\/vc_column_text][\/vc_column][\/vc_row][vc_row margin_bottom=\u00bb24&#8243;][vc_column][vc_raw_html]JTNDc3BhbiUyMHhtbG5zJTNBdiUzRCUyMmh0dHAlM0ElMkYlMkZyZGYuZGF0YS12b2NhYnVsYXJ5Lm9yZyUyRiUyMyUyMiUzRSUwQSUwOSUzQ3NwYW4lMjB0eXBlb2YlM0QlMjJ2JTNBQnJlYWRjcnVtYiUyMiUzRSUwQSUwOSUwOSUzQ2ElMjBocmVmJTNEJTIyJTJGJTIyJTIwcmVsJTNEJTIydiUzQXVybCUyMiUyMHByb3BlcnR5JTNEJTIydiUzQXRpdGxlJTIyJTNFSG90ZWwlMjBTYWludCUyMEplYW4lMjBkZSUyMEx1eiUzQyUyRmElM0UlMjAlQzIlQkIlMjAlMEElMDklMDklM0NzcGFuJTIwY2xhc3MlM0QlMjJicmVhZGNydW1iX2xhc3QlMjIlM0VOb3MlMjBlc2NhbGVzJTIwJUMzJUEwJTIwVGglQzMlQThtZXMlM0MlMkZzcGFuJTNFJTBBJTA5JTNDJTJGc3BhbiUzRSUwQSUzQyUyRnNwYW4lM0U=[\/vc_raw_html][\/vc_column][\/vc_row][vc_row][vc_column][vc_column_text]<\/p>\n<h1 class=\"white-h1\">Hotel romantica Pais Basco<\/h1>\n<p>[\/vc_column_text][\/vc_column][\/vc_row][vc_row margin_bottom=\u00bb16&#8243;][vc_column][vc_column_text]<\/p>\n<p class=\"h2-size\">Nuestras escapadas tem\u00e1ticas<\/p>\n<p>[\/vc_column_text][\/vc_column][\/vc_row][vc_row][vc_column width=\u00bb1\/2&#8243;]<div class=\"shortcode-banner\" style=\"min-height: 200px;background-image: url(https:\/\/www.hotellacaravelle-stjeandeluz.com\/wp-content\/uploads\/2016\/10\/escale-romantique.jpg)\"><div class=\"shortcode-banner-bg wf-table\" style=\"padding: 25px;min-height: 200px\"><div class=\"shortcode-banner-inside wf-table text-big\" style=\"background-color: rgb(0,0,0);background-color: rgba(0,0,0,0.6);border: solid 0px transparent;outline: solid 1px;outline-color: #ffffff;height: 200px\"><div><h3 style=\"text-align: center;\">ESCAPADA ROMANTICA<\/h3>\n<p style=\"text-align: center;\">Romanticismo, cena de enamorados para una noche inolvidable\u2026<\/p>\n<\/div><\/div><\/div><\/div>[vc_empty_space height=\u00bb20px\u00bb][vc_column_text css_animation=\u00bbappear\u00bb]Nuestras <strong>Escapada Rom\u00e1ntica<\/strong> comprende :<\/p>\n<ul>\n<li>Una noche en habitaci\u00f3n doble con vistas al mar<\/li>\n<li>Habitaci\u00f3n decorada con velas y p\u00e9talos de rosas<\/li>\n<li>Dos albornoces a su disposici\u00f3n<\/li>\n<li>Dos copas de Champagne<\/li>\n<li>Dos men\u00fas gastron\u00f3micos en un restaurante de la Bah\u00eda o del puerto<\/li>\n<li>Dos desayunos continentales<\/li>\n<\/ul>\n<p><strong><em>Desde 269\u20ac\/2 personas (seg<\/em><\/strong><strong><em>\u00fa<\/em><\/strong><strong><em>n las fechas)<\/em><\/strong>[\/vc_column_text][vc_empty_space height=\u00bb20px\u00bb][vc_btn title=\u00bbReserve ahora\u00bb style=\u00bbcustom\u00bb custom_background=\u00bb#46403c\u00bb custom_text=\u00bb#ffffff\u00bb shape=\u00bbsquare\u00bb align=\u00bbleft\u00bb link=\u00bburl:%2F%3Fpage_id%3D4008|\u00bb][\/vc_column][vc_column width=\u00bb1\/2&#8243;]<div class=\"shortcode-banner\" style=\"min-height: 200px;background-image: url(https:\/\/www.hotellacaravelle-stjeandeluz.com\/wp-content\/uploads\/2016\/10\/detente.jpg)\"><div class=\"shortcode-banner-bg wf-table\" style=\"padding: 25px;min-height: 200px\"><div class=\"shortcode-banner-inside wf-table text-big\" style=\"background-color: rgb(0,0,0);background-color: rgba(0,0,0,0.6);border: solid 0px transparent;outline: solid 1px;outline-color: #ffffff;height: 200px\"><div><h3 style=\"text-align: center;\">ESCAPADA BIENESTAR<\/h3>\n<p style=\"text-align: center;\">Disfrute de una escapada de relajaci\u00f3n absoluta, la gastronom\u00eda y deje que el agua se lleve su estr\u00e9s\u2026<\/p>\n<\/div><\/div><\/div><\/div>[vc_empty_space height=\u00bb20px\u00bb][vc_column_text css_animation=\u00bbappear\u00bb]Nuestras <strong>Escapada Bienestar<\/strong>\u00a0comprende :<\/p>\n<ul>\n<li>Una noche en habitaci\u00f3n \u201cbalneo\u201d o con vista al mar<\/li>\n<li>Habitaci\u00f3n decorada con velas y p\u00e9talos de flores<\/li>\n<li>Dos albornoces a su disposici\u00f3n<\/li>\n<li>2 copas de champagne<\/li>\n<li>Dos men\u00fas gastron\u00f3micos en un restaurante de la bah\u00eda o del puerto<\/li>\n<li>Dos desayunos continentales<\/li>\n<\/ul>\n<p><strong><em>Desde 229\u20ac\/2 personas (seg<\/em><\/strong><strong><em>\u00fa<\/em><\/strong><strong><em>n las fechas)<\/em><\/strong>[\/vc_column_text][vc_empty_space height=\u00bb20px\u00bb][vc_btn title=\u00bbReserve ahora\u00bb style=\u00bbcustom\u00bb custom_background=\u00bb#46403c\u00bb custom_text=\u00bb#ffffff\u00bb shape=\u00bbsquare\u00bb align=\u00bbleft\u00bb link=\u00bburl:%2F%3Fpage_id%3D4008|\u00bb][\/vc_column][\/vc_row]<\/p>\n<\/div>","protected":false},"excerpt":{"rendered":"<p>[vc_row margin_top=\u00bb-50&#8243; margin_bottom=\u00bb12&#8243; type=\u00bb1&#8243; bg_color=\u00bb#f1f1f1&#8243; bg_cover=\u00bbtrue\u00bb padding_top=\u00bb10&#8243; padding_bottom=\u00bb10&#8243; el_class=\u00bbnovaresaSearchForm\u00bb][vc_column width=\u00bb1\/3&#8243;][vc_column_text] Reserve su estancia [\/vc_column_text][\/vc_column][vc_column width=\u00bb2\/3&#8243;][vc_column_text][\/vc_column_text][\/vc_column][\/vc_row][vc_row margin_bottom=\u00bb24&#8243;][vc_column][vc_raw_html]JTNDc3BhbiUyMHhtbG5zJTNBdiUzRCUyMmh0dHAlM0ElMkYlMkZyZGYuZGF0YS12b2NhYnVsYXJ5Lm9yZyUyRiUyMyUyMiUzRSUwQSUwOSUzQ3NwYW4lMjB0eXBlb2YlM0QlMjJ2JTNBQnJlYWRjcnVtYiUyMiUzRSUwQSUwOSUwOSUzQ2ElMjBocmVmJTNEJTIyJTJGJTIyJTIwcmVsJTNEJTIydiUzQXVybCUyMiUyMHByb3BlcnR5JTNEJTIydiUzQXRpdGxlJTIyJTNFSG90ZWwlMjBTYWludCUyMEplYW4lMjBkZSUyMEx1eiUzQyUyRmElM0UlMjAlQzIlQkIlMjAlMEElMDklMDklM0NzcGFuJTIwY2xhc3MlM0QlMjJicmVhZGNydW1iX2xhc3QlMjIlM0VOb3MlMjBlc2NhbGVzJTIwJUMzJUEwJTIwVGglQzMlQThtZXMlM0MlMkZzcGFuJTNFJTBBJTA5JTNDJTJGc3BhbiUzRSUwQSUzQyUyRnNwYW4lM0U=[\/vc_raw_html][\/vc_column][\/vc_row][vc_row][vc_column][vc_column_text] Hotel romantica Pais Basco [\/vc_column_text][\/vc_column][\/vc_row][vc_row margin_bottom=\u00bb16&#8243;][vc_column][vc_column_text] Nuestras escapadas tem\u00e1ticas [\/vc_column_text][\/vc_column][\/vc_row][vc_row][vc_column width=\u00bb1\/2&#8243;][vc_empty_space height=\u00bb20px\u00bb][vc_column_text css_animation=\u00bbappear\u00bb]Nuestras Escapada Rom\u00e1ntica comprende : Una noche en habitaci\u00f3n doble con vistas al mar Habitaci\u00f3n decorada con velas y p\u00e9talos de rosas Dos albornoces a su disposici\u00f3n&hellip;<\/p>\n","protected":false},"author":1,"featured_media":0,"parent":0,"menu_order":0,"comment_status":"closed","ping_status":"closed","template":"","meta":{"footnotes":""},"class_list":["post-4818","page","type-page","status-publish","hentry","description-off"],"aioseo_notices":[],"_links":{"self":[{"href":"https:\/\/www.hotellacaravelle-stjeandeluz.com\/es\/wp-json\/wp\/v2\/pages\/4818","targetHints":{"allow":["GET"]}}],"collection":[{"href":"https:\/\/www.hotellacaravelle-stjeandeluz.com\/es\/wp-json\/wp\/v2\/pages"}],"about":[{"href":"https:\/\/www.hotellacaravelle-stjeandeluz.com\/es\/wp-json\/wp\/v2\/types\/page"}],"author":[{"embeddable":true,"href":"https:\/\/www.hotellacaravelle-stjeandeluz.com\/es\/wp-json\/wp\/v2\/users\/1"}],"replies":[{"embeddable":true,"href":"https:\/\/www.hotellacaravelle-stjeandeluz.com\/es\/wp-json\/wp\/v2\/comments?post=4818"}],"version-history":[{"count":9,"href":"https:\/\/www.hotellacaravelle-stjeandeluz.com\/es\/wp-json\/wp\/v2\/pages\/4818\/revisions"}],"predecessor-version":[{"id":6011,"href":"https:\/\/www.hotellacaravelle-stjeandeluz.com\/es\/wp-json\/wp\/v2\/pages\/4818\/revisions\/6011"}],"wp:attachment":[{"href":"https:\/\/www.hotellacaravelle-stjeandeluz.com\/es\/wp-json\/wp\/v2\/media?parent=4818"}],"curies":[{"name":"wp","href":"https:\/\/api.w.org\/{rel}","templated":true}]}}