{"id":4876,"date":"2017-11-14T17:43:36","date_gmt":"2017-11-14T16:43:36","guid":{"rendered":"https:\/\/www.hotellacaravelle-stjeandeluz.com\/?page_id=4876"},"modified":"2017-11-14T17:43:48","modified_gmt":"2017-11-14T16:43:48","slug":"hotel","status":"publish","type":"page","link":"https:\/\/www.hotellacaravelle-stjeandeluz.com\/en\/hotel\/","title":{"rendered":"Hotel"},"content":{"rendered":"<div class=\"wpb-content-wrapper\"><p>[vc_row margin_top=&#8221;-50&#8243; margin_bottom=&#8221;12&#8243; type=&#8221;1&#8243; bg_color=&#8221;#f1f1f1&#8243; bg_cover=&#8221;true&#8221; padding_top=&#8221;10&#8243; padding_bottom=&#8221;10&#8243; el_class=&#8221;novaresaSearchForm&#8221;][vc_column width=&#8221;1\/3&#8243;][vc_column_text]<\/p>\n<div class=\"book-title\">Book your stay<\/div>\n<p>[\/vc_column_text][\/vc_column][vc_column width=&#8221;2\/3&#8243;][vc_column_text]<div class=\"wp_novaresa\" id=\"wp_novaresa_shortcode\" >\r\n        <form id=\"wp_novaresa_searchform\" method=\"get\" action=\"https:\/\/www.hotellacaravelle-stjeandeluz.com\/en\/rates-booking\/\" role=\"form\" class=\"form-inline\">\r\n\t\t\t\t\t<div class=\"row\">\r\n\t\t\t\t<div class='form-group col-md-3 col-xs-6'>\r\n\t\t\t\t\t<label class=\"sr-only\" for=\"wp_novaresa_shortcode_date_from\">Arrival date<\/label>\r\n\t\t\t\t\t<input type=\"text\" class=\"form-control input-sm\" id=\"wp_novaresa_shortcode_date_from\" name=\"date_from\" value=\"\" autocomplete=\"off\" placeholder=\"Arrival date\" >\r\n\t\t\t\t<\/div>\r\n\t\t\t\t<div class='form-group col-md-3 col-xs-6'>\r\n\t\t\t\t\t<label class=\"sr-only\" for=\"wp_novaresa_shortcode_date_to\">Departure date<\/label>\r\n\t\t\t\t\t<input type=\"text\" class=\"form-control input-sm\" id=\"wp_novaresa_shortcode_date_to\" name=\"date_to\" value=\"\" autocomplete=\"off\" placeholder=\"Departure date\" >\r\n\t\t\t\t<\/div>\r\n\t\t\t\t\t\t\t\t<div class=\"form-group col-md-2 col-xs-6 hidden-xs hidden-sm\">\r\n\t\t\t\t\t<label class=\"sr-only\" for=\"wp_novaresa_widget_nb_pers\">Nb people<\/label>\r\n\t\t\t\t\t<input type=\"text\" class=\"form-control input-sm\" id=\"wp_novaresa_widget_nb_pers\" name=\"nb_pers\" value=\"\" placeholder=\"Nb people\" >\r\n\t\t\t\t<\/div>\r\n\t\t\t\t\t\t\t\t<div class=\"col-md-4 col-xs-12\">\r\n\t\t\t\t\t<button type=\"submit\" class=\"btn btn-sm\" name=\"wp_novaresa_search\" value=\"1\">Book<\/button>\r\n\t\t\t\t<\/div>\r\n\t\t\t<\/div>\t\t\r\n\t\t\t\t\r\n\r\n\t\t\r\n\t<\/form>\r\n    \r\n<\/div>[\/vc_column_text][\/vc_column][\/vc_row][vc_row margin_bottom=&#8221;30&#8243;][vc_column][vc_raw_html el_class=&#8221;breadcrumbs-container&#8221;]JTNDc3BhbiUyMHhtbG5zJTNBdiUzRCUyMmh0dHAlM0ElMkYlMkZyZGYuZGF0YS12b2NhYnVsYXJ5Lm9yZyUyRiUyMyUyMiUzRSUwQSUwOSUzQ3NwYW4lMjB0eXBlb2YlM0QlMjJ2JTNBQnJlYWRjcnVtYiUyMiUzRSUwQSUwOSUwOSUzQ2ElMjBocmVmJTNEJTIyJTJGJTIyJTIwcmVsJTNEJTIydiUzQXVybCUyMiUyMHByb3BlcnR5JTNEJTIydiUzQXRpdGxlJTIyJTNFSG90ZWwlMjBTYWludCUyMEplYW4lMjBkZSUyMEx1eiUzQyUyRmElM0UlMjAlQzIlQkIlMjAlMEElMDklMDklM0NzcGFuJTIwY2xhc3MlM0QlMjJicmVhZGNydW1iX2xhc3QlMjIlM0VIb3RlbCUzQyUyRnNwYW4lM0UlMEElMDklM0MlMkZzcGFuJTNFJTBBJTNDJTJGc3BhbiUzRQ==[\/vc_raw_html][\/vc_column][\/vc_row][vc_row][vc_column][vc_column_text]<\/p>\n<h1 class=\"white-h1\">Hotel Basque Country<\/h1>\n<p>[\/vc_column_text][\/vc_column][\/vc_row][vc_row full_width=&#8221;true&#8221;][vc_column css=&#8221;.vc_custom_1475161568983{margin-right: 0px !important;margin-left: 0px !important;padding-right: 0px !important;padding-left: 0px !important;}&#8221;]<div class=\"wf-container dt-gallery-container dt-photos-shortcode loading-effect-none description-under-image iso-container\" data-padding=\"10px\" data-cur-page=\"1\" data-width=\"350px\" data-columns=\"3\"><div class=\"wf-cell iso-item\" data-date=\"2016-10-03T14:27:57+02:00\" data-name=\"\" data-post-id=\"5330\">\n<article class=\"post post-5330 attachment type-attachment status-inherit hentry\">\n\n\t\n<div class=\"project-list-media\">\n\n\t<div class=\"buttons-on-img\">\n\n\t\t<a href=\"https:\/\/www.hotellacaravelle-stjeandeluz.com\/wp-content\/uploads\/2016\/10\/plages.jpg\" class=\"alignnone dt-mfp-item rollover rollover-zoom mfp-image\"  data-dt-img-description=\"\" ><img class=\"preload-me\" srcset=\"https:\/\/www.hotellacaravelle-stjeandeluz.com\/wp-content\/uploads\/2016\/10\/plages-525x350.jpg 1x, https:\/\/www.hotellacaravelle-stjeandeluz.com\/wp-content\/uploads\/2016\/10\/plages-1050x700.jpg 2x\" alt=\"\" width=\"525\" height=\"350\"  \/><\/a>\n\t<\/div>\n\n<\/div>\n<div class=\"project-list-content\">\n\n\n<\/div>\n<\/article>\n\n<\/div><div class=\"wf-cell iso-item\" data-date=\"2016-10-07T10:47:00+02:00\" data-name=\"\" data-post-id=\"5418\">\n<article class=\"post post-5418 attachment type-attachment status-inherit hentry\">\n\n\t\n<div class=\"project-list-media\">\n\n\t<div class=\"buttons-on-img\">\n\n\t\t<a href=\"https:\/\/www.hotellacaravelle-stjeandeluz.com\/wp-content\/uploads\/2016\/10\/La-Caravelle-0218.jpg\" class=\"alignnone dt-mfp-item rollover rollover-zoom mfp-image\"  data-dt-img-description=\"\" ><img class=\"preload-me\" srcset=\"https:\/\/www.hotellacaravelle-stjeandeluz.com\/wp-content\/uploads\/2016\/10\/La-Caravelle-0218-525x787.jpg 1x, https:\/\/www.hotellacaravelle-stjeandeluz.com\/wp-content\/uploads\/2016\/10\/La-Caravelle-0218-1050x1574.jpg 2x\" alt=\"\" width=\"525\" height=\"787\"  \/><\/a>\n\t<\/div>\n\n<\/div>\n<div class=\"project-list-content\">\n\n\n<\/div>\n<\/article>\n\n<\/div><div class=\"wf-cell iso-item\" data-date=\"2016-10-03T14:47:57+02:00\" data-name=\"\" data-post-id=\"5386\">\n<article class=\"post post-5386 attachment type-attachment status-inherit hentry\">\n\n\t\n<div class=\"project-list-media\">\n\n\t<div class=\"buttons-on-img\">\n\n\t\t<a href=\"https:\/\/www.hotellacaravelle-stjeandeluz.com\/wp-content\/uploads\/2016\/08\/meteo.jpg\" class=\"alignnone dt-mfp-item rollover rollover-zoom mfp-image\"  data-dt-img-description=\"\" ><img class=\"preload-me\" srcset=\"https:\/\/www.hotellacaravelle-stjeandeluz.com\/wp-content\/uploads\/2016\/08\/meteo-525x350.jpg 1x, https:\/\/www.hotellacaravelle-stjeandeluz.com\/wp-content\/uploads\/2016\/08\/meteo-1050x700.jpg 2x\" alt=\"\" width=\"525\" height=\"350\"  \/><\/a>\n\t<\/div>\n\n<\/div>\n<div class=\"project-list-content\">\n\n\n<\/div>\n<\/article>\n\n<\/div><div class=\"wf-cell iso-item\" data-date=\"2016-10-07T10:50:12+02:00\" data-name=\"\" data-post-id=\"5420\">\n<article class=\"post post-5420 attachment type-attachment status-inherit hentry\">\n\n\t\n<div class=\"project-list-media\">\n\n\t<div class=\"buttons-on-img\">\n\n\t\t<a href=\"https:\/\/www.hotellacaravelle-stjeandeluz.com\/wp-content\/uploads\/2016\/10\/cles-hotel-caravelle.jpg\" class=\"alignnone dt-mfp-item rollover rollover-zoom mfp-image\"  data-dt-img-description=\"\" ><img class=\"preload-me\" srcset=\"https:\/\/www.hotellacaravelle-stjeandeluz.com\/wp-content\/uploads\/2016\/10\/cles-hotel-caravelle-525x350.jpg 1x, https:\/\/www.hotellacaravelle-stjeandeluz.com\/wp-content\/uploads\/2016\/10\/cles-hotel-caravelle-1050x700.jpg 2x\" alt=\"\" width=\"525\" height=\"350\"  \/><\/a>\n\t<\/div>\n\n<\/div>\n<div class=\"project-list-content\">\n\n\n<\/div>\n<\/article>\n\n<\/div><div class=\"wf-cell iso-item\" data-date=\"2016-10-07T11:03:59+02:00\" data-name=\"\" data-post-id=\"5422\">\n<article class=\"post post-5422 attachment type-attachment status-inherit hentry\">\n\n\t\n<div class=\"project-list-media\">\n\n\t<div class=\"buttons-on-img\">\n\n\t\t<a href=\"https:\/\/www.hotellacaravelle-stjeandeluz.com\/wp-content\/uploads\/2016\/10\/La-Caravelle-0329.jpg\" class=\"alignnone dt-mfp-item rollover rollover-zoom mfp-image\"  data-dt-img-description=\"\" ><img class=\"preload-me\" srcset=\"https:\/\/www.hotellacaravelle-stjeandeluz.com\/wp-content\/uploads\/2016\/10\/La-Caravelle-0329-525x787.jpg 1x, https:\/\/www.hotellacaravelle-stjeandeluz.com\/wp-content\/uploads\/2016\/10\/La-Caravelle-0329-1050x1574.jpg 2x\" alt=\"\" width=\"525\" height=\"787\"  \/><\/a>\n\t<\/div>\n\n<\/div>\n<div class=\"project-list-content\">\n\n\n<\/div>\n<\/article>\n\n<\/div><div class=\"wf-cell iso-item\" data-date=\"2016-10-07T11:59:32+02:00\" data-name=\"\" data-post-id=\"5436\">\n<article class=\"post post-5436 attachment type-attachment status-inherit hentry\">\n\n\t\n<div class=\"project-list-media\">\n\n\t<div class=\"buttons-on-img\">\n\n\t\t<a href=\"https:\/\/www.hotellacaravelle-stjeandeluz.com\/wp-content\/uploads\/2016\/10\/La-Caravelle-0001.jpg\" class=\"alignnone dt-mfp-item rollover rollover-zoom mfp-image\"  data-dt-img-description=\"\" ><img class=\"preload-me\" srcset=\"https:\/\/www.hotellacaravelle-stjeandeluz.com\/wp-content\/uploads\/2016\/10\/La-Caravelle-0001-525x787.jpg 1x, https:\/\/www.hotellacaravelle-stjeandeluz.com\/wp-content\/uploads\/2016\/10\/La-Caravelle-0001-1050x1574.jpg 2x\" alt=\"\" width=\"525\" height=\"787\"  \/><\/a>\n\t<\/div>\n\n<\/div>\n<div class=\"project-list-content\">\n\n\n<\/div>\n<\/article>\n\n<\/div><div class=\"wf-cell iso-item\" data-date=\"2016-10-07T11:05:27+02:00\" data-name=\"\" data-post-id=\"5424\">\n<article class=\"post post-5424 attachment type-attachment status-inherit hentry\">\n\n\t\n<div class=\"project-list-media\">\n\n\t<div class=\"buttons-on-img\">\n\n\t\t<a href=\"https:\/\/www.hotellacaravelle-stjeandeluz.com\/wp-content\/uploads\/2016\/10\/La-Caravelle-0238.jpg\" class=\"alignnone dt-mfp-item rollover rollover-zoom mfp-image\"  data-dt-img-description=\"\" ><img class=\"preload-me\" srcset=\"https:\/\/www.hotellacaravelle-stjeandeluz.com\/wp-content\/uploads\/2016\/10\/La-Caravelle-0238-525x350.jpg 1x, https:\/\/www.hotellacaravelle-stjeandeluz.com\/wp-content\/uploads\/2016\/10\/La-Caravelle-0238-1050x700.jpg 2x\" alt=\"\" width=\"525\" height=\"350\"  \/><\/a>\n\t<\/div>\n\n<\/div>\n<div class=\"project-list-content\">\n\n\n<\/div>\n<\/article>\n\n<\/div><div class=\"wf-cell iso-item\" data-date=\"2016-10-07T11:08:16+02:00\" data-name=\"\" data-post-id=\"5428\">\n<article class=\"post post-5428 attachment type-attachment status-inherit hentry\">\n\n\t\n<div class=\"project-list-media\">\n\n\t<div class=\"buttons-on-img\">\n\n\t\t<a href=\"https:\/\/www.hotellacaravelle-stjeandeluz.com\/wp-content\/uploads\/2016\/10\/La-Caravelle-0227.jpg\" class=\"alignnone dt-mfp-item rollover rollover-zoom mfp-image\"  data-dt-img-description=\"\" ><img class=\"preload-me\" srcset=\"https:\/\/www.hotellacaravelle-stjeandeluz.com\/wp-content\/uploads\/2016\/10\/La-Caravelle-0227-525x787.jpg 1x, https:\/\/www.hotellacaravelle-stjeandeluz.com\/wp-content\/uploads\/2016\/10\/La-Caravelle-0227-1050x1574.jpg 2x\" alt=\"\" width=\"525\" height=\"787\"  \/><\/a>\n\t<\/div>\n\n<\/div>\n<div class=\"project-list-content\">\n\n\n<\/div>\n<\/article>\n\n<\/div><div class=\"wf-cell iso-item\" data-date=\"2016-10-07T11:10:44+02:00\" data-name=\"\" data-post-id=\"5430\">\n<article class=\"post post-5430 attachment type-attachment status-inherit hentry\">\n\n\t\n<div class=\"project-list-media\">\n\n\t<div class=\"buttons-on-img\">\n\n\t\t<a href=\"https:\/\/www.hotellacaravelle-stjeandeluz.com\/wp-content\/uploads\/2016\/10\/PhotosH\u00f4telJuin2016-027.jpg\" class=\"alignnone dt-mfp-item rollover rollover-zoom mfp-image\"  data-dt-img-description=\"\" ><img class=\"preload-me\" srcset=\"https:\/\/www.hotellacaravelle-stjeandeluz.com\/wp-content\/uploads\/2016\/10\/PhotosH\u00f4telJuin2016-027-525x700.jpg 1x, https:\/\/www.hotellacaravelle-stjeandeluz.com\/wp-content\/uploads\/2016\/10\/PhotosH\u00f4telJuin2016-027.jpg 2x\" alt=\"\" width=\"525\" height=\"700\"  \/><\/a>\n\t<\/div>\n\n<\/div>\n<div class=\"project-list-content\">\n\n\n<\/div>\n<\/article>\n\n<\/div><\/div>[vc_empty_space height=&#8221;10px&#8221;][\/vc_column][\/vc_row][vc_row full_width=&#8221;true&#8221; el_class=&#8221;photoGrid_header&#8221;][vc_column width=&#8221;1\/2&#8243; offset=&#8221;vc_col-lg-3&#8243; css=&#8221;.vc_custom_1475652510623{border-top-width: 1px !important;border-right-width: 1px !important;border-bottom-width: 1px !important;border-left-width: 1px !important;padding-top: 5px !important;padding-right: 5px !important;padding-bottom: 5px !important;padding-left: 5px !important;border-left-color: #46403c !important;border-left-style: solid !important;border-right-color: #46403c !important;border-right-style: solid !important;border-top-color: #46403c !important;border-top-style: solid !important;border-bottom-color: #46403c !important;border-bottom-style: solid !important;}&#8221;]<div class=\"shortcode-banner\" style=\"min-height: 490px;background-image: url(https:\/\/www.hotellacaravelle-stjeandeluz.com\/wp-content\/uploads\/2016\/09\/couloir-hotel.jpg)\"><div class=\"shortcode-banner-bg wf-table\" style=\"padding: 0px;min-height: 490px\"><div class=\"shortcode-banner-inside wf-table text-big\" style=\"background-color: rgb(0,0,0);background-color: rgba(0,0,0,0.01);border: solid 0px transparent;outline: solid 0px;outline-color: #46403c;height: 490px\"><div><\/div><\/div><\/div><\/div>[\/vc_column][vc_column width=&#8221;1\/2&#8243; css=&#8221;.vc_custom_1475486520559{margin-right: 0px !important;margin-left: 0px !important;padding-right: 0px !important;padding-left: 0px !important;}&#8221; offset=&#8221;vc_col-lg-3&#8243;]<div class=\"shortcode-banner\" style=\"min-height: 500px\"><div class=\"shortcode-banner-bg wf-table\" style=\"padding: 0px;min-height: 500px\"><div class=\"shortcode-banner-inside wf-table text-big\" style=\"background-color: rgb(70,64,60);background-color: #46403c;border: solid 0px transparent;outline: solid 0px;outline-color: #ffffff;height: 500px\"><div><h2 style=\"text-align: right;\">Charmin hotel ocean view between Saint-Jean-de-Luz &amp; Socoa<\/h2>\n<\/div><\/div><\/div><\/div>[\/vc_column][vc_column css=&#8221;.vc_custom_1475486581953{margin-right: 0px !important;margin-left: 0px !important;border-top-width: 1px !important;border-right-width: 1px !important;border-bottom-width: 1px !important;border-left-width: 1px !important;padding-top: 20px !important;padding-right: 50px !important;padding-bottom: 20px !important;padding-left: 50px !important;border-left-color: #46403c !important;border-left-style: solid !important;border-right-color: #46403c !important;border-right-style: solid !important;border-top-color: #46403c !important;border-top-style: solid !important;border-bottom-color: #46403c !important;border-bottom-style: solid !important;}&#8221; el_class=&#8221;photoGrid_header_text&#8221; offset=&#8221;vc_col-lg-6&#8243;][vc_column_text]<\/p>\n<p class=\"h1\">The Hotel<\/p>\n<p>[\/vc_column_text][vc_empty_space height=&#8221;20px&#8221;][vc_column_text]L&#8217;<a href=\"\/\">h\u00f4tel au Pays Basque<\/a> se trouve dans une vieille b\u00e2tisse qui fut successivement une ancienne maison de p\u00eacheurs puis une clinique pour soigner les pestif\u00e9r\u00e9s, enfin une maternit\u00e9 pour devenir par la suite un <strong>h\u00f4tel familial<\/strong> jouissant d\u2019une des plus belles vues sur la baie de St Jean-de-Luz. De cette \u00e9poque il subsiste un grand escalier en bois qui apporte une v\u00e9ritable note d\u2019<strong>authenticit\u00e9<\/strong> \u00e0 l\u2019\u00e9tablissement.<\/p>\n<p>Lors de votre s\u00e9jour \u00e0 Ciboure, impr\u00e9gnez-vous du charme tr\u00e8s basque de ce <strong>petit village de p\u00eacheurs<\/strong>, \u00e0 la fois convivial tout en \u00e9tant pr\u00e9serv\u00e9 de la fi\u00e8vre de la C\u00f4te Basque. Le quartier du port de Ciboure est parfait pour la balade avec des restaurants et commerces de proximit\u00e9\u2026<\/p>\n<p>Un lieu propice \u00e0 la fl\u00e2nerie ! St Jean-de-Luz, son port de p\u00eache, la plage et le centre ville pi\u00e9ton ainsi que le quartier de Socoa sont \u00e0 seulement quelques pas.[\/vc_column_text][\/vc_column][\/vc_row]<\/p>\n<\/div>","protected":false},"excerpt":{"rendered":"<p>[vc_row margin_top=&#8221;-50&#8243; margin_bottom=&#8221;12&#8243; type=&#8221;1&#8243; bg_color=&#8221;#f1f1f1&#8243; bg_cover=&#8221;true&#8221; padding_top=&#8221;10&#8243; padding_bottom=&#8221;10&#8243; el_class=&#8221;novaresaSearchForm&#8221;][vc_column width=&#8221;1\/3&#8243;][vc_column_text] Book your stay [\/vc_column_text][\/vc_column][vc_column width=&#8221;2\/3&#8243;][vc_column_text][\/vc_column_text][\/vc_column][\/vc_row][vc_row margin_bottom=&#8221;30&#8243;][vc_column][vc_raw_html el_class=&#8221;breadcrumbs-container&#8221;]JTNDc3BhbiUyMHhtbG5zJTNBdiUzRCUyMmh0dHAlM0ElMkYlMkZyZGYuZGF0YS12b2NhYnVsYXJ5Lm9yZyUyRiUyMyUyMiUzRSUwQSUwOSUzQ3NwYW4lMjB0eXBlb2YlM0QlMjJ2JTNBQnJlYWRjcnVtYiUyMiUzRSUwQSUwOSUwOSUzQ2ElMjBocmVmJTNEJTIyJTJGJTIyJTIwcmVsJTNEJTIydiUzQXVybCUyMiUyMHByb3BlcnR5JTNEJTIydiUzQXRpdGxlJTIyJTNFSG90ZWwlMjBTYWludCUyMEplYW4lMjBkZSUyMEx1eiUzQyUyRmElM0UlMjAlQzIlQkIlMjAlMEElMDklMDklM0NzcGFuJTIwY2xhc3MlM0QlMjJicmVhZGNydW1iX2xhc3QlMjIlM0VIb3RlbCUzQyUyRnNwYW4lM0UlMEElMDklM0MlMkZzcGFuJTNFJTBBJTNDJTJGc3BhbiUzRQ==[\/vc_raw_html][\/vc_column][\/vc_row][vc_row][vc_column][vc_column_text] Hotel Basque Country [\/vc_column_text][\/vc_column][\/vc_row][vc_row full_width=&#8221;true&#8221;][vc_column css=&#8221;.vc_custom_1475161568983{margin-right: 0px !important;margin-left: 0px !important;padding-right: 0px !important;padding-left: 0px !important;}&#8221;][vc_empty_space height=&#8221;10px&#8221;][\/vc_column][\/vc_row][vc_row full_width=&#8221;true&#8221; el_class=&#8221;photoGrid_header&#8221;][vc_column width=&#8221;1\/2&#8243; offset=&#8221;vc_col-lg-3&#8243; css=&#8221;.vc_custom_1475652510623{border-top-width: 1px !important;border-right-width: 1px !important;border-bottom-width: 1px !important;border-left-width: 1px !important;padding-top: 5px !important;padding-right: 5px !important;padding-bottom: 5px !important;padding-left: 5px !important;border-left-color: #46403c !important;border-left-style:&hellip;<\/p>\n","protected":false},"author":1,"featured_media":0,"parent":0,"menu_order":0,"comment_status":"closed","ping_status":"closed","template":"","meta":{"footnotes":""},"class_list":["post-4876","page","type-page","status-publish","hentry","description-off"],"aioseo_notices":[],"_links":{"self":[{"href":"https:\/\/www.hotellacaravelle-stjeandeluz.com\/en\/wp-json\/wp\/v2\/pages\/4876","targetHints":{"allow":["GET"]}}],"collection":[{"href":"https:\/\/www.hotellacaravelle-stjeandeluz.com\/en\/wp-json\/wp\/v2\/pages"}],"about":[{"href":"https:\/\/www.hotellacaravelle-stjeandeluz.com\/en\/wp-json\/wp\/v2\/types\/page"}],"author":[{"embeddable":true,"href":"https:\/\/www.hotellacaravelle-stjeandeluz.com\/en\/wp-json\/wp\/v2\/users\/1"}],"replies":[{"embeddable":true,"href":"https:\/\/www.hotellacaravelle-stjeandeluz.com\/en\/wp-json\/wp\/v2\/comments?post=4876"}],"version-history":[{"count":2,"href":"https:\/\/www.hotellacaravelle-stjeandeluz.com\/en\/wp-json\/wp\/v2\/pages\/4876\/revisions"}],"predecessor-version":[{"id":4878,"href":"https:\/\/www.hotellacaravelle-stjeandeluz.com\/en\/wp-json\/wp\/v2\/pages\/4876\/revisions\/4878"}],"wp:attachment":[{"href":"https:\/\/www.hotellacaravelle-stjeandeluz.com\/en\/wp-json\/wp\/v2\/media?parent=4876"}],"curies":[{"name":"wp","href":"https:\/\/api.w.org\/{rel}","templated":true}]}}